{"id":114,"date":"2025-08-11T19:51:43","date_gmt":"2025-08-11T19:51:43","guid":{"rendered":"https:\/\/paleturquoise-lapwing-662388.hostingersite.com\/?page_id=114"},"modified":"2026-03-17T18:48:41","modified_gmt":"2026-03-17T18:48:41","slug":"uber-uns","status":"publish","type":"page","link":"https:\/\/hightech-henkel.de\/en\/uber-uns\/","title":{"rendered":"About Us"},"content":{"rendered":"<div data-elementor-type=\"wp-page\" data-elementor-id=\"114\" class=\"elementor elementor-114\" data-elementor-post-type=\"page\">\n\t\t\t\t<div class=\"elementor-element elementor-element-24681876 e-con-full e-flex e-con e-parent\" data-id=\"24681876\" data-element_type=\"container\" data-e-type=\"container\" data-settings=\"{&quot;background_background&quot;:&quot;classic&quot;}\">\n\t\t<div class=\"elementor-element elementor-element-48f1011 e-con-full e-flex e-con e-child\" data-id=\"48f1011\" data-element_type=\"container\" data-e-type=\"container\">\n\t\t\t\t<div class=\"elementor-element elementor-element-607bf2a1 elementor-widget elementor-widget-heading\" data-id=\"607bf2a1\" data-element_type=\"widget\" data-e-type=\"widget\" data-widget_type=\"heading.default\">\n\t\t\t\t\t<h1 class=\"elementor-heading-title elementor-size-default\">About Us<\/h1>\t\t\t\t<\/div>\n\t\t\t\t<div class=\"elementor-element elementor-element-1d53cf98 elementor-widget elementor-widget-heading\" data-id=\"1d53cf98\" data-element_type=\"widget\" data-e-type=\"widget\" data-widget_type=\"heading.default\">\n\t\t\t\t\t<span class=\"elementor-heading-title elementor-size-default\">We are your trusted partner for custom machine building and automation technology, and we deliver customized solutions that meet the highest quality standards.<\/span>\t\t\t\t<\/div>\n\t\t\t\t<\/div>\n\t\t\t\t<div class=\"elementor-element elementor-element-77ffc08a elementor-widget__width-initial elementor-widget-mobile__width-inherit elementor-widget elementor-widget-image\" data-id=\"77ffc08a\" data-element_type=\"widget\" data-e-type=\"widget\" data-widget_type=\"image.default\">\n\t\t\t\t\t\t\t\t\t\t\t\t\t\t\t<img fetchpriority=\"high\" decoding=\"async\" width=\"2560\" height=\"1306\" src=\"https:\/\/hightech-henkel.de\/wp-content\/uploads\/2026\/03\/BWH_6833-Bearbeitet-scaled-e1773770655119.jpg\" class=\"attachment-full size-full wp-image-502\" alt=\"\" srcset=\"https:\/\/hightech-henkel.de\/wp-content\/uploads\/2026\/03\/BWH_6833-Bearbeitet-scaled-e1773770655119.jpg 2560w, https:\/\/hightech-henkel.de\/wp-content\/uploads\/2026\/03\/BWH_6833-Bearbeitet-scaled-e1773770655119-300x153.jpg 300w, https:\/\/hightech-henkel.de\/wp-content\/uploads\/2026\/03\/BWH_6833-Bearbeitet-scaled-e1773770655119-1024x522.jpg 1024w, https:\/\/hightech-henkel.de\/wp-content\/uploads\/2026\/03\/BWH_6833-Bearbeitet-scaled-e1773770655119-768x392.jpg 768w, https:\/\/hightech-henkel.de\/wp-content\/uploads\/2026\/03\/BWH_6833-Bearbeitet-scaled-e1773770655119-1536x784.jpg 1536w, https:\/\/hightech-henkel.de\/wp-content\/uploads\/2026\/03\/BWH_6833-Bearbeitet-scaled-e1773770655119-2048x1045.jpg 2048w\" sizes=\"(max-width: 2560px) 100vw, 2560px\" \/>\t\t\t\t\t\t\t\t\t\t\t\t\t\t\t<\/div>\n\t\t\t\t<\/div>\n\t\t<div class=\"elementor-element elementor-element-0d7b412 e-flex e-con-boxed e-con e-parent\" data-id=\"0d7b412\" data-element_type=\"container\" data-e-type=\"container\">\n\t\t\t\t\t<div class=\"e-con-inner\">\n\t\t<div class=\"elementor-element elementor-element-5936dc5 e-con-full e-flex e-con e-child\" data-id=\"5936dc5\" data-element_type=\"container\" data-e-type=\"container\">\n\t\t\t\t<div class=\"elementor-element elementor-element-94d12e9 elementor-widget elementor-widget-image\" data-id=\"94d12e9\" data-element_type=\"widget\" data-e-type=\"widget\" data-widget_type=\"image.default\">\n\t\t\t\t\t\t\t\t\t\t\t\t\t\t\t<img decoding=\"async\" width=\"2560\" height=\"1707\" src=\"https:\/\/hightech-henkel.de\/wp-content\/uploads\/2026\/03\/BWH_6847-Bearbeitet-scaled.jpg\" class=\"attachment-full size-full wp-image-503\" alt=\"\" srcset=\"https:\/\/hightech-henkel.de\/wp-content\/uploads\/2026\/03\/BWH_6847-Bearbeitet-scaled.jpg 2560w, https:\/\/hightech-henkel.de\/wp-content\/uploads\/2026\/03\/BWH_6847-Bearbeitet-300x200.jpg 300w, https:\/\/hightech-henkel.de\/wp-content\/uploads\/2026\/03\/BWH_6847-Bearbeitet-1024x683.jpg 1024w, https:\/\/hightech-henkel.de\/wp-content\/uploads\/2026\/03\/BWH_6847-Bearbeitet-768x512.jpg 768w, https:\/\/hightech-henkel.de\/wp-content\/uploads\/2026\/03\/BWH_6847-Bearbeitet-1536x1024.jpg 1536w, https:\/\/hightech-henkel.de\/wp-content\/uploads\/2026\/03\/BWH_6847-Bearbeitet-2048x1365.jpg 2048w\" sizes=\"(max-width: 2560px) 100vw, 2560px\" \/>\t\t\t\t\t\t\t\t\t\t\t\t\t\t\t<\/div>\n\t\t\t\t<div class=\"elementor-element elementor-element-b6d4296 elementor-absolute elementor-widget__width-initial elementor-widget elementor-widget-image\" data-id=\"b6d4296\" data-element_type=\"widget\" data-e-type=\"widget\" data-settings=\"{&quot;_position&quot;:&quot;absolute&quot;}\" data-widget_type=\"image.default\">\n\t\t\t\t\t\t\t\t\t\t\t\t\t\t\t<img decoding=\"async\" width=\"2560\" height=\"1707\" src=\"https:\/\/hightech-henkel.de\/wp-content\/uploads\/2026\/03\/BWH_6987-scaled.jpg\" class=\"attachment-full size-full wp-image-507\" alt=\"\" srcset=\"https:\/\/hightech-henkel.de\/wp-content\/uploads\/2026\/03\/BWH_6987-scaled.jpg 2560w, https:\/\/hightech-henkel.de\/wp-content\/uploads\/2026\/03\/BWH_6987-300x200.jpg 300w, https:\/\/hightech-henkel.de\/wp-content\/uploads\/2026\/03\/BWH_6987-1024x683.jpg 1024w, https:\/\/hightech-henkel.de\/wp-content\/uploads\/2026\/03\/BWH_6987-768x512.jpg 768w, https:\/\/hightech-henkel.de\/wp-content\/uploads\/2026\/03\/BWH_6987-1536x1024.jpg 1536w, https:\/\/hightech-henkel.de\/wp-content\/uploads\/2026\/03\/BWH_6987-2048x1365.jpg 2048w\" sizes=\"(max-width: 2560px) 100vw, 2560px\" \/>\t\t\t\t\t\t\t\t\t\t\t\t\t\t\t<\/div>\n\t\t<div class=\"elementor-element elementor-element-9426eed e-con-full e-flex e-con e-child\" data-id=\"9426eed\" data-element_type=\"container\" data-e-type=\"container\" data-settings=\"{&quot;background_background&quot;:&quot;classic&quot;,&quot;position&quot;:&quot;absolute&quot;}\">\n\t\t\t\t<div class=\"elementor-element elementor-element-bd466a3 elementor-widget elementor-widget-counter\" data-id=\"bd466a3\" data-element_type=\"widget\" data-e-type=\"widget\" data-widget_type=\"counter.default\">\n\t\t\t\t\t\t\t<div class=\"elementor-counter\">\n\t\t\t<div class=\"elementor-counter-title\">Projects<\/div>\t\t\t<div class=\"elementor-counter-number-wrapper\">\n\t\t\t\t<span class=\"elementor-counter-number-prefix\"><\/span>\n\t\t\t\t<span class=\"elementor-counter-number\" data-duration=\"2000\" data-to-value=\"150\" data-from-value=\"0\" data-delimiter=\",\">0<\/span>\n\t\t\t\t<span class=\"elementor-counter-number-suffix\">+<\/span>\n\t\t\t<\/div>\n\t\t<\/div>\n\t\t\t\t\t\t<\/div>\n\t\t\t\t<\/div>\n\t\t\t\t<\/div>\n\t\t<div class=\"elementor-element elementor-element-d7fb809 e-con-full e-flex e-con e-child\" data-id=\"d7fb809\" data-element_type=\"container\" data-e-type=\"container\">\n\t\t\t\t<div class=\"elementor-element elementor-element-37a3e62 elementor-widget elementor-widget-heading\" data-id=\"37a3e62\" data-element_type=\"widget\" data-e-type=\"widget\" data-widget_type=\"heading.default\">\n\t\t\t\t\t<h6 class=\"elementor-heading-title elementor-size-default\">Who We Are<\/h6>\t\t\t\t<\/div>\n\t\t\t\t<div class=\"elementor-element elementor-element-25c8e77 elementor-widget elementor-widget-heading\" data-id=\"25c8e77\" data-element_type=\"widget\" data-e-type=\"widget\" data-widget_type=\"heading.default\">\n\t\t\t\t\t<h2 class=\"elementor-heading-title elementor-size-default\">About Us<\/h2>\t\t\t\t<\/div>\n\t\t\t\t<div class=\"elementor-element elementor-element-c09d2bc elementor-widget elementor-widget-text-editor\" data-id=\"c09d2bc\" data-element_type=\"widget\" data-e-type=\"widget\" data-widget_type=\"text-editor.default\">\n\t\t\t\t\t\t\t\t\t<p>Hightech-Henkel is your trusted partner for automation solutions and custom machine building. With a commitment to high quality and forward-thinking planning, we bring custom projects to life\u2014from the initial concept through engineering to the finished system.<\/p><p>In addition to turnkey solutions, we also provide individual services and custom work in our own production facilities according to customer specifications. Reliability, technical precision, and forward-thinking solutions are always at the forefront of our work.<\/p>\t\t\t\t\t\t\t\t<\/div>\n\t\t\t\t<div class=\"elementor-element elementor-element-abc290e elementor-widget elementor-widget-button\" data-id=\"abc290e\" data-element_type=\"widget\" data-e-type=\"widget\" data-widget_type=\"button.default\">\n\t\t\t\t\t\t\t\t\t\t<a class=\"elementor-button elementor-button-link elementor-size-sm\" href=\"https:\/\/hightech-henkel.de\/en\/kontakt\/\">\n\t\t\t\t\t\t<span class=\"elementor-button-content-wrapper\">\n\t\t\t\t\t\t\t\t\t<span class=\"elementor-button-text\">Contact<\/span>\n\t\t\t\t\t<\/span>\n\t\t\t\t\t<\/a>\n\t\t\t\t\t\t\t\t<\/div>\n\t\t\t\t<\/div>\n\t\t\t\t\t<\/div>\n\t\t\t\t<\/div>\n\t\t<div class=\"elementor-element elementor-element-33dc4d8 e-flex e-con-boxed e-con e-parent\" data-id=\"33dc4d8\" data-element_type=\"container\" data-e-type=\"container\">\n\t\t\t\t\t<div class=\"e-con-inner\">\n\t\t<div class=\"elementor-element elementor-element-1064c9c e-con-full e-flex e-con e-child\" data-id=\"1064c9c\" data-element_type=\"container\" data-e-type=\"container\">\n\t\t\t\t<div class=\"elementor-element elementor-element-71fb561 elementor-widget elementor-widget-heading\" data-id=\"71fb561\" data-element_type=\"widget\" data-e-type=\"widget\" data-widget_type=\"heading.default\">\n\t\t\t\t\t<h6 class=\"elementor-heading-title elementor-size-default\">Why We<\/h6>\t\t\t\t<\/div>\n\t\t\t\t<div class=\"elementor-element elementor-element-abda9f2 elementor-widget elementor-widget-heading\" data-id=\"abda9f2\" data-element_type=\"widget\" data-e-type=\"widget\" data-widget_type=\"heading.default\">\n\t\t\t\t\t<h2 class=\"elementor-heading-title elementor-size-default\">What sets us apart<\/h2>\t\t\t\t<\/div>\n\t\t\t\t<div class=\"elementor-element elementor-element-8736a81 elementor-widget elementor-widget-text-editor\" data-id=\"8736a81\" data-element_type=\"widget\" data-e-type=\"widget\" data-widget_type=\"text-editor.default\">\n\t\t\t\t\t\t\t\t\t<p>What sets us apart is our combination of technical expertise, a high degree of vertical integration, and personalized project support. We think ahead, plan with precision, and implement solutions that are sustainable and future-proof. Throughout this process, we always prioritize quality, reliability, and close collaboration with our customers.<\/p>\t\t\t\t\t\t\t\t<\/div>\n\t\t\t\t<div class=\"elementor-element elementor-element-d491bff elementor-view-stacked elementor-widget__width-initial elementor-widget-mobile__width-inherit elementor-shape-circle elementor-position-block-start elementor-mobile-position-block-start elementor-widget elementor-widget-icon-box\" data-id=\"d491bff\" data-element_type=\"widget\" data-e-type=\"widget\" data-widget_type=\"icon-box.default\">\n\t\t\t\t\t\t\t<div class=\"elementor-icon-box-wrapper\">\n\n\t\t\t\t\t\t<div class=\"elementor-icon-box-icon\">\n\t\t\t\t<span  class=\"elementor-icon\">\n\t\t\t\t<svg aria-hidden=\"true\" class=\"e-font-icon-svg e-far-clock\" viewbox=\"0 0 512 512\" xmlns=\"http:\/\/www.w3.org\/2000\/svg\"><path d=\"M256 8C119 8 8 119 8 256s111 248 248 248 248-111 248-248S393 8 256 8zm0 448c-110.5 0-200-89.5-200-200S145.5 56 256 56s200 89.5 200 200-89.5 200-200 200zm61.8-104.4l-84.9-61.7c-3.1-2.3-4.9-5.9-4.9-9.7V116c0-6.6 5.4-12 12-12h32c6.6 0 12 5.4 12 12v141.7l66.8 48.6c5.4 3.9 6.5 11.4 2.6 16.8L334.6 349c-3.9 5.3-11.4 6.5-16.8 2.6z\"><\/path><\/svg>\t\t\t\t<\/span>\n\t\t\t<\/div>\n\t\t\t\n\t\t\t\t\t\t<div class=\"elementor-icon-box-content\">\n\n\t\t\t\t\t\t\t\t\t<div class=\"elementor-icon-box-title\">\n\t\t\t\t\t\t<span  >\n\t\t\t\t\t\t\tYears of experience\t\t\t\t\t\t<\/span>\n\t\t\t\t\t<\/div>\n\t\t\t\t\n\t\t\t\t\n\t\t\t<\/div>\n\t\t\t\n\t\t<\/div>\n\t\t\t\t\t\t<\/div>\n\t\t\t\t<div class=\"elementor-element elementor-element-fd3e4b9 elementor-view-stacked elementor-widget__width-initial elementor-widget-mobile__width-inherit elementor-shape-circle elementor-position-block-start elementor-mobile-position-block-start elementor-widget elementor-widget-icon-box\" data-id=\"fd3e4b9\" data-element_type=\"widget\" data-e-type=\"widget\" data-widget_type=\"icon-box.default\">\n\t\t\t\t\t\t\t<div class=\"elementor-icon-box-wrapper\">\n\n\t\t\t\t\t\t<div class=\"elementor-icon-box-icon\">\n\t\t\t\t<span  class=\"elementor-icon\">\n\t\t\t\t<i aria-hidden=\"true\" class=\"icon icon-map-marker1\"><\/i>\t\t\t\t<\/span>\n\t\t\t<\/div>\n\t\t\t\n\t\t\t\t\t\t<div class=\"elementor-icon-box-content\">\n\n\t\t\t\t\t\t\t\t\t<div class=\"elementor-icon-box-title\">\n\t\t\t\t\t\t<span  >\n\t\t\t\t\t\t\tLocal Specialized Business\t\t\t\t\t\t<\/span>\n\t\t\t\t\t<\/div>\n\t\t\t\t\n\t\t\t\t\n\t\t\t<\/div>\n\t\t\t\n\t\t<\/div>\n\t\t\t\t\t\t<\/div>\n\t\t\t\t<div class=\"elementor-element elementor-element-b3c278d elementor-view-stacked elementor-widget__width-initial elementor-widget-mobile__width-inherit elementor-shape-circle elementor-position-block-start elementor-mobile-position-block-start elementor-widget elementor-widget-icon-box\" data-id=\"b3c278d\" data-element_type=\"widget\" data-e-type=\"widget\" data-widget_type=\"icon-box.default\">\n\t\t\t\t\t\t\t<div class=\"elementor-icon-box-wrapper\">\n\n\t\t\t\t\t\t<div class=\"elementor-icon-box-icon\">\n\t\t\t\t<span  class=\"elementor-icon\">\n\t\t\t\t<i aria-hidden=\"true\" class=\"icon icon-trophy\"><\/i>\t\t\t\t<\/span>\n\t\t\t<\/div>\n\t\t\t\n\t\t\t\t\t\t<div class=\"elementor-icon-box-content\">\n\n\t\t\t\t\t\t\t\t\t<div class=\"elementor-icon-box-title\">\n\t\t\t\t\t\t<span  >\n\t\t\t\t\t\t\tHighest quality\t\t\t\t\t\t<\/span>\n\t\t\t\t\t<\/div>\n\t\t\t\t\n\t\t\t\t\n\t\t\t<\/div>\n\t\t\t\n\t\t<\/div>\n\t\t\t\t\t\t<\/div>\n\t\t\t\t<div class=\"elementor-element elementor-element-f6601c8 elementor-view-stacked elementor-widget__width-initial elementor-widget-mobile__width-inherit elementor-shape-circle elementor-position-block-start elementor-mobile-position-block-start elementor-widget elementor-widget-icon-box\" data-id=\"f6601c8\" data-element_type=\"widget\" data-e-type=\"widget\" data-widget_type=\"icon-box.default\">\n\t\t\t\t\t\t\t<div class=\"elementor-icon-box-wrapper\">\n\n\t\t\t\t\t\t<div class=\"elementor-icon-box-icon\">\n\t\t\t\t<span  class=\"elementor-icon\">\n\t\t\t\t<i aria-hidden=\"true\" class=\"lnr lnr-users\"><\/i>\t\t\t\t<\/span>\n\t\t\t<\/div>\n\t\t\t\n\t\t\t\t\t\t<div class=\"elementor-icon-box-content\">\n\n\t\t\t\t\t\t\t\t\t<div class=\"elementor-icon-box-title\">\n\t\t\t\t\t\t<span  >\n\t\t\t\t\t\t\tqualified staff\t\t\t\t\t\t<\/span>\n\t\t\t\t\t<\/div>\n\t\t\t\t\n\t\t\t\t\n\t\t\t<\/div>\n\t\t\t\n\t\t<\/div>\n\t\t\t\t\t\t<\/div>\n\t\t\t\t<\/div>\n\t\t<div class=\"elementor-element elementor-element-7b8ae37 e-con-full e-flex e-con e-child\" data-id=\"7b8ae37\" data-element_type=\"container\" data-e-type=\"container\">\n\t\t\t\t<div class=\"elementor-element elementor-element-a1dcbdc elementor-widget elementor-widget-image\" data-id=\"a1dcbdc\" data-element_type=\"widget\" data-e-type=\"widget\" data-widget_type=\"image.default\">\n\t\t\t\t\t\t\t\t\t\t\t\t\t\t\t<img loading=\"lazy\" decoding=\"async\" width=\"2560\" height=\"1706\" src=\"https:\/\/hightech-henkel.de\/wp-content\/uploads\/2026\/01\/BWH_1966-scaled.jpg\" class=\"attachment-full size-full wp-image-338\" alt=\"\" srcset=\"https:\/\/hightech-henkel.de\/wp-content\/uploads\/2026\/01\/BWH_1966-scaled.jpg 2560w, https:\/\/hightech-henkel.de\/wp-content\/uploads\/2026\/01\/BWH_1966-300x200.jpg 300w, https:\/\/hightech-henkel.de\/wp-content\/uploads\/2026\/01\/BWH_1966-1024x683.jpg 1024w, https:\/\/hightech-henkel.de\/wp-content\/uploads\/2026\/01\/BWH_1966-768x512.jpg 768w, https:\/\/hightech-henkel.de\/wp-content\/uploads\/2026\/01\/BWH_1966-1536x1024.jpg 1536w, https:\/\/hightech-henkel.de\/wp-content\/uploads\/2026\/01\/BWH_1966-2048x1365.jpg 2048w\" sizes=\"(max-width: 2560px) 100vw, 2560px\" \/>\t\t\t\t\t\t\t\t\t\t\t\t\t\t\t<\/div>\n\t\t\t\t<div class=\"elementor-element elementor-element-ffbff7d elementor-absolute elementor-widget__width-initial elementor-widget elementor-widget-image\" data-id=\"ffbff7d\" data-element_type=\"widget\" data-e-type=\"widget\" data-settings=\"{&quot;_position&quot;:&quot;absolute&quot;}\" data-widget_type=\"image.default\">\n\t\t\t\t\t\t\t\t\t\t\t\t\t\t\t<img loading=\"lazy\" decoding=\"async\" width=\"2560\" height=\"1435\" src=\"https:\/\/hightech-henkel.de\/wp-content\/uploads\/2026\/02\/20260116_090654953_iOS-scaled.jpeg\" class=\"attachment-full size-full wp-image-455\" alt=\"\" srcset=\"https:\/\/hightech-henkel.de\/wp-content\/uploads\/2026\/02\/20260116_090654953_iOS-scaled.jpeg 2560w, https:\/\/hightech-henkel.de\/wp-content\/uploads\/2026\/02\/20260116_090654953_iOS-300x168.jpeg 300w, https:\/\/hightech-henkel.de\/wp-content\/uploads\/2026\/02\/20260116_090654953_iOS-1024x574.jpeg 1024w, https:\/\/hightech-henkel.de\/wp-content\/uploads\/2026\/02\/20260116_090654953_iOS-768x430.jpeg 768w, https:\/\/hightech-henkel.de\/wp-content\/uploads\/2026\/02\/20260116_090654953_iOS-1536x861.jpeg 1536w, https:\/\/hightech-henkel.de\/wp-content\/uploads\/2026\/02\/20260116_090654953_iOS-2048x1148.jpeg 2048w\" sizes=\"(max-width: 2560px) 100vw, 2560px\" \/>\t\t\t\t\t\t\t\t\t\t\t\t\t\t\t<\/div>\n\t\t\t\t<div class=\"elementor-element elementor-element-11902e9 elementor-absolute elementor-widget__width-initial elementor-widget elementor-widget-image\" data-id=\"11902e9\" data-element_type=\"widget\" data-e-type=\"widget\" data-settings=\"{&quot;_position&quot;:&quot;absolute&quot;}\" data-widget_type=\"image.default\">\n\t\t\t\t\t\t\t\t\t\t\t\t\t\t\t<img loading=\"lazy\" decoding=\"async\" width=\"2560\" height=\"1435\" src=\"https:\/\/hightech-henkel.de\/wp-content\/uploads\/2026\/02\/20260116_090532645_iOS-scaled.jpeg\" class=\"attachment-full size-full wp-image-454\" alt=\"\" srcset=\"https:\/\/hightech-henkel.de\/wp-content\/uploads\/2026\/02\/20260116_090532645_iOS-scaled.jpeg 2560w, https:\/\/hightech-henkel.de\/wp-content\/uploads\/2026\/02\/20260116_090532645_iOS-300x168.jpeg 300w, https:\/\/hightech-henkel.de\/wp-content\/uploads\/2026\/02\/20260116_090532645_iOS-1024x574.jpeg 1024w, https:\/\/hightech-henkel.de\/wp-content\/uploads\/2026\/02\/20260116_090532645_iOS-768x430.jpeg 768w, https:\/\/hightech-henkel.de\/wp-content\/uploads\/2026\/02\/20260116_090532645_iOS-1536x861.jpeg 1536w, https:\/\/hightech-henkel.de\/wp-content\/uploads\/2026\/02\/20260116_090532645_iOS-2048x1148.jpeg 2048w\" sizes=\"(max-width: 2560px) 100vw, 2560px\" \/>\t\t\t\t\t\t\t\t\t\t\t\t\t\t\t<\/div>\n\t\t\t\t<\/div>\n\t\t\t\t\t<\/div>\n\t\t\t\t<\/div>\n\t\t\t\t<\/div>","protected":false},"excerpt":{"rendered":"<p>Wir sind Ihr zuverl\u00e4ssiger Partner f\u00fcr Sondermaschinenbau und Automatisierungstechnik und realisieren individuelle L\u00f6sungen mit h\u00f6chstem Qualit\u00e4tsanspruch. Projekte 0 + Wer wir sind \u00dcber Uns Hightech-Henkel ist Ihr kompetenter Partner f\u00fcr Automatisierungsl\u00f6sungen und Sondermaschinenbau. Mit hohem Qualit\u00e4tsanspruch und vorausschauender Planung realisieren wir individuelle Projekte \u2013 von der ersten Idee \u00fcber das Engineering bis zur fertigen Anlage. [&hellip;]<\/p>\n","protected":false},"author":1,"featured_media":0,"parent":0,"menu_order":0,"comment_status":"closed","ping_status":"closed","template":"elementor_header_footer","meta":{"footnotes":""},"class_list":["post-114","page","type-page","status-publish","hentry"],"_links":{"self":[{"href":"https:\/\/hightech-henkel.de\/en\/wp-json\/wp\/v2\/pages\/114","targetHints":{"allow":["GET"]}}],"collection":[{"href":"https:\/\/hightech-henkel.de\/en\/wp-json\/wp\/v2\/pages"}],"about":[{"href":"https:\/\/hightech-henkel.de\/en\/wp-json\/wp\/v2\/types\/page"}],"author":[{"embeddable":true,"href":"https:\/\/hightech-henkel.de\/en\/wp-json\/wp\/v2\/users\/1"}],"replies":[{"embeddable":true,"href":"https:\/\/hightech-henkel.de\/en\/wp-json\/wp\/v2\/comments?post=114"}],"version-history":[{"count":28,"href":"https:\/\/hightech-henkel.de\/en\/wp-json\/wp\/v2\/pages\/114\/revisions"}],"predecessor-version":[{"id":662,"href":"https:\/\/hightech-henkel.de\/en\/wp-json\/wp\/v2\/pages\/114\/revisions\/662"}],"wp:attachment":[{"href":"https:\/\/hightech-henkel.de\/en\/wp-json\/wp\/v2\/media?parent=114"}],"curies":[{"name":"wp","href":"https:\/\/api.w.org\/{rel}","templated":true}]}}