{"id":386,"date":"2026-01-14T19:01:32","date_gmt":"2026-01-14T19:01:32","guid":{"rendered":"https:\/\/paleturquoise-lapwing-662388.hostingersite.com\/?page_id=386"},"modified":"2026-05-11T14:34:50","modified_gmt":"2026-05-11T14:34:50","slug":"pta-schweisstechnik","status":"publish","type":"page","link":"https:\/\/hightech-henkel.de\/en\/pta-schweisstechnik\/","title":{"rendered":"PTA Schwei\u00dftechnik"},"content":{"rendered":"\t\t<div data-elementor-type=\"wp-page\" data-elementor-id=\"386\" class=\"elementor elementor-386\" data-elementor-post-type=\"page\">\n\t\t\t\t<div class=\"elementor-element elementor-element-80e2eeb e-flex e-con-boxed e-con e-parent\" data-id=\"80e2eeb\" data-element_type=\"container\" data-e-type=\"container\" data-settings=\"{&quot;background_background&quot;:&quot;classic&quot;}\">\n\t\t\t\t\t<div class=\"e-con-inner\">\n\t\t<div class=\"elementor-element elementor-element-ded2518 e-flex e-con-boxed e-con e-child\" data-id=\"ded2518\" data-element_type=\"container\" data-e-type=\"container\" data-settings=\"{&quot;background_background&quot;:&quot;classic&quot;}\">\n\t\t\t\t\t<div class=\"e-con-inner\">\n\t\t\t\t<div class=\"elementor-element elementor-element-b0a02c2 elementor-widget elementor-widget-heading\" data-id=\"b0a02c2\" data-element_type=\"widget\" data-e-type=\"widget\" data-widget_type=\"heading.default\">\n\t\t\t\t\t<h1 class=\"elementor-heading-title elementor-size-default\">PTA-Schwei\u00dftechnik<\/h1>\t\t\t\t<\/div>\n\t\t\t\t\t<\/div>\n\t\t\t\t<\/div>\n\t\t\t\t\t<\/div>\n\t\t\t\t<\/div>\n\t\t<div class=\"elementor-element elementor-element-28d68fa e-flex e-con-boxed e-con e-parent\" data-id=\"28d68fa\" data-element_type=\"container\" data-e-type=\"container\">\n\t\t\t\t\t<div class=\"e-con-inner\">\n\t\t<div class=\"elementor-element elementor-element-853189f e-con-full e-flex e-con e-child\" data-id=\"853189f\" data-element_type=\"container\" data-e-type=\"container\" data-settings=\"{&quot;background_background&quot;:&quot;classic&quot;}\">\n\t\t\t\t<div class=\"elementor-element elementor-element-ffce49d elementor-widget elementor-widget-heading\" data-id=\"ffce49d\" data-element_type=\"widget\" data-e-type=\"widget\" data-widget_type=\"heading.default\">\n\t\t\t\t\t<h3 class=\"elementor-heading-title elementor-size-default\">PTA-Schwei\u00dftechnik &amp; Plasmaschwei\u00dfanlagen<\/h3>\t\t\t\t<\/div>\n\t\t\t\t<div class=\"elementor-element elementor-element-2fcb188 elementor-widget elementor-widget-text-editor\" data-id=\"2fcb188\" data-element_type=\"widget\" data-e-type=\"widget\" data-widget_type=\"text-editor.default\">\n\t\t\t\t\t\t\t\t\t<p>Pr\u00e4zision, Wiederholgenauigkeit und h\u00f6chste Prozesssicherheit \u2013 genau daf\u00fcr steht moderne PTA-Schwei\u00dftechnik.\u00a0<\/p><p>Hightech-Henkel ist Ihr Partner f\u00fcr industrielle Plasmaschwei\u00dfl\u00f6sungen \u2013 von der einzelnen Schwei\u00dfstromquelle bis hin zur vollautomatisierten Sonderanlage.\u00a0<\/p><p>Als\u00a0Vertriebspartner von GYS\u00a0setzen wir auf bew\u00e4hrte, leistungsstarke Schwei\u00dfsysteme und kombinieren diese mit ma\u00dfgeschneiderter Automatisierungs- und Steuerungstechnik.\u00a0<\/p><p>So entstehen L\u00f6sungen, die exakt auf Ihre Anforderungen abgestimmt sind \u2013 effizient, langlebig und zukunftssicher.<br \/><br \/><\/p><p><b><span data-contrast=\"auto\">Unsere Leistungen im Bereich Plasmaschwei\u00dfen<\/span><\/b><span data-ccp-props=\"{}\">\u00a0<\/span><\/p><p><span data-contrast=\"auto\">\u2714<\/span><span data-contrast=\"auto\">\u00a0Planung und Projektierung von PTA-Schwei\u00dfanlagen<\/span>\u00a0<br \/><span data-contrast=\"auto\">\u2714<\/span><span data-contrast=\"auto\">\u00a0Integration von GYS-Schwei\u00dfsystemen<\/span>\u00a0<br \/><span data-contrast=\"auto\">\u2714<\/span><span data-contrast=\"auto\">\u00a0Automatisierung und SPS-Steuerung<\/span>\u00a0<br \/><span data-contrast=\"auto\">\u2714<\/span><span data-contrast=\"auto\">\u00a0Sondermaschinenbau f\u00fcr individuelle Anwendungen<\/span>\u00a0<br \/><span data-contrast=\"auto\">\u2714<\/span><span data-contrast=\"auto\">\u00a0Retrofit und Modernisierung bestehender Anlagen<\/span>\u00a0<br \/><span data-contrast=\"auto\">\u2714<\/span><span data-contrast=\"auto\">\u00a0Service, Wartung und Optimierung<\/span><span data-ccp-props=\"{}\">\u00a0<\/span><\/p>\t\t\t\t\t\t\t\t<\/div>\n\t\t\t\t<div class=\"elementor-element elementor-element-6bd8a17 elementor-position-inline-start elementor-widget__width-initial elementor-mobile-position-inline-start elementor-view-default elementor-widget elementor-widget-icon-box\" data-id=\"6bd8a17\" data-element_type=\"widget\" data-e-type=\"widget\" data-widget_type=\"icon-box.default\">\n\t\t\t\t\t\t\t<div class=\"elementor-icon-box-wrapper\">\n\n\t\t\t\t\t\t<div class=\"elementor-icon-box-icon\">\n\t\t\t\t<span  class=\"elementor-icon\">\n\t\t\t\t<i aria-hidden=\"true\" class=\" las la-check-circle\"><\/i>\t\t\t\t<\/span>\n\t\t\t<\/div>\n\t\t\t\n\t\t\t\t\t\t<div class=\"elementor-icon-box-content\">\n\n\t\t\t\t\t\t\t\t\t<div class=\"elementor-icon-box-title\">\n\t\t\t\t\t\t<span  >\n\t\t\t\t\t\t\tStarker Partner: GYS\t\t\t\t\t\t<\/span>\n\t\t\t\t\t<\/div>\n\t\t\t\t\n\t\t\t\t\t\t\t\t\t<p class=\"elementor-icon-box-description\">\n\t\t\t\t\t\tAls offizieller Vertriebspartner von GYS bieten wir Ihnen Zugang zu hochwertigen und bew\u00e4hrten Schwei\u00dfsystemen f\u00fcr industrielle Anwendungen. \n\nIn Kombination mit unserer Erfahrung im Sondermaschinenbau und der Automatisierungstechnik erhalten Sie komplette L\u00f6sungen aus einer Hand. \t\t\t\t\t<\/p>\n\t\t\t\t\n\t\t\t<\/div>\n\t\t\t\n\t\t<\/div>\n\t\t\t\t\t\t<\/div>\n\t\t\t\t<div class=\"elementor-element elementor-element-5914363 elementor-position-inline-start elementor-widget__width-initial elementor-mobile-position-inline-start elementor-view-default elementor-widget elementor-widget-icon-box\" data-id=\"5914363\" data-element_type=\"widget\" data-e-type=\"widget\" data-widget_type=\"icon-box.default\">\n\t\t\t\t\t\t\t<div class=\"elementor-icon-box-wrapper\">\n\n\t\t\t\t\t\t<div class=\"elementor-icon-box-icon\">\n\t\t\t\t<span  class=\"elementor-icon\">\n\t\t\t\t<i aria-hidden=\"true\" class=\" las la-check-circle\"><\/i>\t\t\t\t<\/span>\n\t\t\t<\/div>\n\t\t\t\n\t\t\t\t\t\t<div class=\"elementor-icon-box-content\">\n\n\t\t\t\t\t\t\t\t\t<div class=\"elementor-icon-box-title\">\n\t\t\t\t\t\t<span  >\n\t\t\t\t\t\t\tIndividuelle L\u00f6sungen f\u00fcr Ihre Anwendung \t\t\t\t\t\t<\/span>\n\t\t\t\t\t<\/div>\n\t\t\t\t\n\t\t\t\t\t\t\t\t\t<p class=\"elementor-icon-box-description\">\n\t\t\t\t\t\tJede Anlage wird exakt auf Ihre Prozesse abgestimmt. \nOb Serienfertigung, Einzelteile oder hochkomplexe Bauteile \u2013 wir entwickeln die passende L\u00f6sung f\u00fcr Ihre Anforderungen. \t\t\t\t\t<\/p>\n\t\t\t\t\n\t\t\t<\/div>\n\t\t\t\n\t\t<\/div>\n\t\t\t\t\t\t<\/div>\n\t\t\t\t<\/div>\n\t\t\t\t\t<\/div>\n\t\t\t\t<\/div>\n\t\t<div class=\"elementor-element elementor-element-154f1d1 e-flex e-con-boxed e-con e-parent\" data-id=\"154f1d1\" data-element_type=\"container\" data-e-type=\"container\">\n\t\t\t\t\t<div class=\"e-con-inner\">\n\t\t\t\t<div class=\"elementor-element elementor-element-a37eb85 elementor-widget elementor-widget-image\" data-id=\"a37eb85\" data-element_type=\"widget\" data-e-type=\"widget\" data-widget_type=\"image.default\">\n\t\t\t\t\t\t\t\t\t\t\t\t\t\t\t<img decoding=\"async\" width=\"1\" height=\"1\" src=\"https:\/\/hightech-henkel.de\/wp-content\/uploads\/2026\/04\/Bild-1.jpg\" class=\"attachment-large size-large wp-image-858\" alt=\"\" \/>\t\t\t\t\t\t\t\t\t\t\t\t\t\t\t<\/div>\n\t\t\t\t\t<\/div>\n\t\t\t\t<\/div>\n\t\t<div class=\"elementor-element elementor-element-540474d e-flex e-con-boxed e-con e-parent\" data-id=\"540474d\" data-element_type=\"container\" data-e-type=\"container\" data-settings=\"{&quot;background_background&quot;:&quot;classic&quot;}\">\n\t\t\t\t\t<div class=\"e-con-inner\">\n\t\t<div class=\"elementor-element elementor-element-d592ce3 e-con-full e-flex e-con e-child\" data-id=\"d592ce3\" data-element_type=\"container\" data-e-type=\"container\" data-settings=\"{&quot;background_background&quot;:&quot;classic&quot;}\">\n\t\t\t\t<div class=\"elementor-element elementor-element-5e7ea9b elementor-widget elementor-widget-heading\" data-id=\"5e7ea9b\" data-element_type=\"widget\" data-e-type=\"widget\" data-widget_type=\"heading.default\">\n\t\t\t\t\t<h2 class=\"elementor-heading-title elementor-size-default\">Interesse geweckt?<\/h2>\t\t\t\t<\/div>\n\t\t\t\t<div class=\"elementor-element elementor-element-6a2753c elementor-widget elementor-widget-text-editor\" data-id=\"6a2753c\" data-element_type=\"widget\" data-e-type=\"widget\" data-widget_type=\"text-editor.default\">\n\t\t\t\t\t\t\t\t\t<div class=\"flex flex-col text-sm pb-25\"><article class=\"text-token-text-primary w-full focus:outline-none [--shadow-height:45px] has-data-writing-block:pointer-events-none has-data-writing-block:-mt-(--shadow-height) has-data-writing-block:pt-(--shadow-height) [&amp;:has([data-writing-block])&gt;*]:pointer-events-auto scroll-mt-[calc(var(--header-height)+min(200px,max(70px,20svh)))]\" dir=\"auto\" tabindex=\"-1\" data-turn-id=\"request-WEB:0457d4b8-6f2e-448c-b2d2-cbf27df6cc67-20\" data-testid=\"conversation-turn-38\" data-scroll-anchor=\"true\" data-turn=\"assistant\"><div class=\"text-base my-auto mx-auto pb-10 [--thread-content-margin:--spacing(4)] @w-sm\/main:[--thread-content-margin:--spacing(6)] @w-lg\/main:[--thread-content-margin:--spacing(16)] px-(--thread-content-margin)\"><div class=\"[--thread-content-max-width:40rem] @w-lg\/main:[--thread-content-max-width:48rem] mx-auto max-w-(--thread-content-max-width) flex-1 group\/turn-messages focus-visible:outline-hidden relative flex w-full min-w-0 flex-col agent-turn\" tabindex=\"-1\"><div class=\"flex max-w-full flex-col grow\"><div class=\"min-h-8 text-message relative flex w-full flex-col items-end gap-2 text-start break-words whitespace-normal [.text-message+&amp;]:mt-1\" dir=\"auto\" data-message-author-role=\"assistant\" data-message-id=\"16d9d2d4-d49d-41e6-926a-75099a81790a\" data-message-model-slug=\"gpt-5-2\"><div class=\"flex w-full flex-col gap-1 empty:hidden first:pt-[1px]\"><div class=\"markdown prose dark:prose-invert w-full break-words dark markdown-new-styling\"><p data-start=\"75\" data-end=\"245\" data-is-last-node=\"\" data-is-only-node=\"\">Kontaktieren Sie uns f\u00fcr eine unverbindliche Beratung zu Ihrer Plasmaschwei\u00dfanlage. Wir entwickeln und realisieren ma\u00dfgeschneiderte L\u00f6sungen, die Ihre Anforderungen pr\u00e4zise, effizient und zuverl\u00e4ssig erf\u00fcllen.<\/p><\/div><\/div><\/div><\/div><\/div><\/div><\/article><\/div>\t\t\t\t\t\t\t\t<\/div>\n\t\t\t\t<div class=\"elementor-element elementor-element-6e7b3ab elementor-align-left elementor-widget elementor-widget-button\" data-id=\"6e7b3ab\" data-element_type=\"widget\" data-e-type=\"widget\" data-widget_type=\"button.default\">\n\t\t\t\t\t\t\t\t\t\t<a class=\"elementor-button elementor-button-link elementor-size-sm\" href=\"https:\/\/hightech-henkel.de\/kontakt\/\">\n\t\t\t\t\t\t<span class=\"elementor-button-content-wrapper\">\n\t\t\t\t\t\t\t\t\t<span class=\"elementor-button-text\">Kontakt<\/span>\n\t\t\t\t\t<\/span>\n\t\t\t\t\t<\/a>\n\t\t\t\t\t\t\t\t<\/div>\n\t\t\t\t<\/div>\n\t\t\t\t\t<\/div>\n\t\t\t\t<\/div>\n\t\t\t\t<\/div>\n\t\t","protected":false},"excerpt":{"rendered":"<p>PTA-Schwei\u00dftechnik PTA-Schwei\u00dftechnik &amp; Plasmaschwei\u00dfanlagen Pr\u00e4zision, Wiederholgenauigkeit und h\u00f6chste Prozesssicherheit \u2013 genau daf\u00fcr steht moderne PTA-Schwei\u00dftechnik.\u00a0 Hightech-Henkel ist Ihr Partner f\u00fcr industrielle Plasmaschwei\u00dfl\u00f6sungen \u2013 von der einzelnen Schwei\u00dfstromquelle bis hin zur vollautomatisierten Sonderanlage.\u00a0 Als\u00a0Vertriebspartner von GYS\u00a0setzen wir auf bew\u00e4hrte, leistungsstarke Schwei\u00dfsysteme und kombinieren diese mit ma\u00dfgeschneiderter Automatisierungs- und Steuerungstechnik.\u00a0 So entstehen L\u00f6sungen, die exakt auf Ihre [&hellip;]<\/p>\n","protected":false},"author":1,"featured_media":0,"parent":0,"menu_order":0,"comment_status":"closed","ping_status":"closed","template":"elementor_header_footer","meta":{"footnotes":""},"class_list":["post-386","page","type-page","status-publish","hentry"],"_links":{"self":[{"href":"https:\/\/hightech-henkel.de\/en\/wp-json\/wp\/v2\/pages\/386","targetHints":{"allow":["GET"]}}],"collection":[{"href":"https:\/\/hightech-henkel.de\/en\/wp-json\/wp\/v2\/pages"}],"about":[{"href":"https:\/\/hightech-henkel.de\/en\/wp-json\/wp\/v2\/types\/page"}],"author":[{"embeddable":true,"href":"https:\/\/hightech-henkel.de\/en\/wp-json\/wp\/v2\/users\/1"}],"replies":[{"embeddable":true,"href":"https:\/\/hightech-henkel.de\/en\/wp-json\/wp\/v2\/comments?post=386"}],"version-history":[{"count":54,"href":"https:\/\/hightech-henkel.de\/en\/wp-json\/wp\/v2\/pages\/386\/revisions"}],"predecessor-version":[{"id":1041,"href":"https:\/\/hightech-henkel.de\/en\/wp-json\/wp\/v2\/pages\/386\/revisions\/1041"}],"wp:attachment":[{"href":"https:\/\/hightech-henkel.de\/en\/wp-json\/wp\/v2\/media?parent=386"}],"curies":[{"name":"wp","href":"https:\/\/api.w.org\/{rel}","templated":true}]}}