{"id":559,"date":"2026-03-17T17:43:10","date_gmt":"2026-03-17T17:43:10","guid":{"rendered":"https:\/\/paleturquoise-lapwing-662388.hostingersite.com\/?page_id=559"},"modified":"2026-05-11T14:35:10","modified_gmt":"2026-05-11T14:35:10","slug":"gys-schweisssysteme","status":"publish","type":"page","link":"https:\/\/hightech-henkel.de\/en\/gys-schweisssysteme\/","title":{"rendered":"GYS Welding Systems"},"content":{"rendered":"\t\t<div data-elementor-type=\"wp-page\" data-elementor-id=\"559\" class=\"elementor elementor-559\" data-elementor-post-type=\"page\">\n\t\t\t\t<div class=\"elementor-element elementor-element-80e2eeb e-flex e-con-boxed e-con e-parent\" data-id=\"80e2eeb\" data-element_type=\"container\" data-e-type=\"container\" data-settings=\"{&quot;background_background&quot;:&quot;classic&quot;}\">\n\t\t\t\t\t<div class=\"e-con-inner\">\n\t\t<div class=\"elementor-element elementor-element-ded2518 e-flex e-con-boxed e-con e-child\" data-id=\"ded2518\" data-element_type=\"container\" data-e-type=\"container\" data-settings=\"{&quot;background_background&quot;:&quot;classic&quot;}\">\n\t\t\t\t\t<div class=\"e-con-inner\">\n\t\t\t\t<div class=\"elementor-element elementor-element-b0a02c2 elementor-widget elementor-widget-heading\" data-id=\"b0a02c2\" data-element_type=\"widget\" data-e-type=\"widget\" data-widget_type=\"heading.default\">\n\t\t\t\t\t<h1 class=\"elementor-heading-title elementor-size-default\">GYS Schwei\u00dfsysteme<\/h1>\t\t\t\t<\/div>\n\t\t\t\t\t<\/div>\n\t\t\t\t<\/div>\n\t\t\t\t\t<\/div>\n\t\t\t\t<\/div>\n\t\t<div class=\"elementor-element elementor-element-28d68fa e-flex e-con-boxed e-con e-parent\" data-id=\"28d68fa\" data-element_type=\"container\" data-e-type=\"container\">\n\t\t\t\t\t<div class=\"e-con-inner\">\n\t\t<div class=\"elementor-element elementor-element-853189f e-con-full e-flex e-con e-child\" data-id=\"853189f\" data-element_type=\"container\" data-e-type=\"container\" data-settings=\"{&quot;background_background&quot;:&quot;classic&quot;}\">\n\t\t\t\t<div class=\"elementor-element elementor-element-915f3e7 elementor-skin-coverflow elementor-arrows-yes elementor-widget elementor-widget-media-carousel\" data-id=\"915f3e7\" data-element_type=\"widget\" data-e-type=\"widget\" data-settings=\"{&quot;skin&quot;:&quot;coverflow&quot;,&quot;lazyload&quot;:&quot;yes&quot;,&quot;space_between&quot;:{&quot;unit&quot;:&quot;px&quot;,&quot;size&quot;:0,&quot;sizes&quot;:[]},&quot;show_arrows&quot;:&quot;yes&quot;,&quot;speed&quot;:500,&quot;autoplay&quot;:&quot;yes&quot;,&quot;autoplay_speed&quot;:5000,&quot;loop&quot;:&quot;yes&quot;,&quot;pause_on_hover&quot;:&quot;yes&quot;,&quot;pause_on_interaction&quot;:&quot;yes&quot;,&quot;space_between_tablet&quot;:{&quot;unit&quot;:&quot;px&quot;,&quot;size&quot;:10,&quot;sizes&quot;:[]},&quot;space_between_mobile&quot;:{&quot;unit&quot;:&quot;px&quot;,&quot;size&quot;:10,&quot;sizes&quot;:[]}}\" data-widget_type=\"media-carousel.default\">\n\t\t\t\t\t\t\t\t\t\t<div class=\"elementor-main-swiper swiper\" role=\"region\" aria-roledescription=\"carousel\" aria-label=\"Slides\">\n\t\t\t\t<div class=\"swiper-wrapper\">\n\t\t\t\t\t\t\t\t\t\t\t<div class=\"swiper-slide\" role=\"group\" aria-roledescription=\"slide\">\n\t\t\t\t\t\t\t\t\t<div class=\"elementor-carousel-image swiper-lazy\" role=\"img\" aria-label=\"GYS_SC01_g\" data-background=\"https:\/\/hightech-henkel.de\/wp-content\/uploads\/2026\/04\/GYS_SC01_g.png\">\n\n\t\t\t\t\t\t\t<div class=\"swiper-lazy-preloader\"><\/div>\n\t\t\t\n\t\t\t\t\t<\/div>\n\t\t\t\t\t\t\t\t<\/div>\n\t\t\t\t\t\t\t\t\t\t\t<div class=\"swiper-slide\" role=\"group\" aria-roledescription=\"slide\">\n\t\t\t\t\t\t\t\t\t<div class=\"elementor-carousel-image swiper-lazy\" role=\"img\" aria-label=\"GYS_SB09_g (1)\" data-background=\"https:\/\/hightech-henkel.de\/wp-content\/uploads\/2026\/04\/GYS_SB09_g-1.png\">\n\n\t\t\t\t\t\t\t<div class=\"swiper-lazy-preloader\"><\/div>\n\t\t\t\n\t\t\t\t\t<\/div>\n\t\t\t\t\t\t\t\t<\/div>\n\t\t\t\t\t\t\t\t\t\t\t<div class=\"swiper-slide\" role=\"group\" aria-roledescription=\"slide\">\n\t\t\t\t\t\t\t\t\t<div class=\"elementor-carousel-image swiper-lazy\" role=\"img\" aria-label=\"GYS_SB05_g\" data-background=\"https:\/\/hightech-henkel.de\/wp-content\/uploads\/2026\/04\/GYS_SB05_g.png\">\n\n\t\t\t\t\t\t\t<div class=\"swiper-lazy-preloader\"><\/div>\n\t\t\t\n\t\t\t\t\t<\/div>\n\t\t\t\t\t\t\t\t<\/div>\n\t\t\t\t\t\t\t\t\t<\/div>\n\t\t\t\t\t\t\t\t\t\t\t\t\t\t\t<div class=\"elementor-swiper-button elementor-swiper-button-prev\" role=\"button\" tabindex=\"0\" aria-label=\"Voriger\">\n\t\t\t\t\t\t\t<svg aria-hidden=\"true\" class=\"e-font-icon-svg e-eicon-chevron-left\" viewBox=\"0 0 1000 1000\" xmlns=\"http:\/\/www.w3.org\/2000\/svg\"><path d=\"M646 125C629 125 613 133 604 142L308 442C296 454 292 471 292 487 292 504 296 521 308 533L604 854C617 867 629 875 646 875 663 875 679 871 692 858 704 846 713 829 713 812 713 796 708 779 692 767L438 487 692 225C700 217 708 204 708 187 708 171 704 154 692 142 675 129 663 125 646 125Z\"><\/path><\/svg>\t\t\t\t\t\t<\/div>\n\t\t\t\t\t\t<div class=\"elementor-swiper-button elementor-swiper-button-next\" role=\"button\" tabindex=\"0\" aria-label=\"N\u00e4chster\">\n\t\t\t\t\t\t\t<svg aria-hidden=\"true\" class=\"e-font-icon-svg e-eicon-chevron-right\" viewBox=\"0 0 1000 1000\" xmlns=\"http:\/\/www.w3.org\/2000\/svg\"><path d=\"M696 533C708 521 713 504 713 487 713 471 708 454 696 446L400 146C388 133 375 125 354 125 338 125 325 129 313 142 300 154 292 171 292 187 292 204 296 221 308 233L563 492 304 771C292 783 288 800 288 817 288 833 296 850 308 863 321 871 338 875 354 875 371 875 388 867 400 854L696 533Z\"><\/path><\/svg>\t\t\t\t\t\t<\/div>\n\t\t\t\t\t\t\t\t\t\t\t\t\t\t\t\t\t<\/div>\n\t\t\t\t\t\t\t\t<\/div>\n\t\t\t\t<div class=\"elementor-element elementor-element-ffce49d elementor-widget elementor-widget-heading\" data-id=\"ffce49d\" data-element_type=\"widget\" data-e-type=\"widget\" data-widget_type=\"heading.default\">\n\t\t\t\t\t<h3 class=\"elementor-heading-title elementor-size-default\">GYS Schwei\u00dfsysteme \u2013 Technik f\u00fcr Industrie &amp; Handwerk <\/h3>\t\t\t\t<\/div>\n\t\t\t\t<div class=\"elementor-element elementor-element-2fcb188 elementor-widget elementor-widget-text-editor\" data-id=\"2fcb188\" data-element_type=\"widget\" data-e-type=\"widget\" data-widget_type=\"text-editor.default\">\n\t\t\t\t\t\t\t\t\t<p><span data-contrast=\"auto\">Als Vertriebspartner von GYS bieten wir Ihnen das komplette Produktspektrum eines der f\u00fchrenden europ\u00e4ischen Hersteller f\u00fcr Schwei\u00df- und Energietechnik.<\/span><span data-ccp-props=\"{}\">\u00a0<\/span><\/p><p><span data-contrast=\"auto\">GYS steht f\u00fcr innovative L\u00f6sungen in den Bereichen Schwei\u00dfen, Schneiden, Induktion und industrielle Anwendungen. Die Systeme werden in Frankreich entwickelt und gefertigt und \u00fcberzeugen durch Qualit\u00e4t, Zuverl\u00e4ssigkeit und modernste Technologie.<\/span><span data-ccp-props=\"{}\">\u00a0<\/span><\/p><p><span data-contrast=\"auto\">Mit Hightech-Henkel erhalten Sie nicht nur die passende Technik \u2013 sondern eine L\u00f6sung, die exakt zu Ihrer Anwendung passt.<\/span><span data-ccp-props=\"{}\">\u00a0<\/span><\/p><p><span data-ccp-props=\"{}\">\u00a0<\/span><\/p><p><b><span data-contrast=\"auto\">\u00a0Unser Leistungsumfang<\/span><\/b><span data-ccp-props=\"{}\">\u00a0<\/span><\/p><p><span data-contrast=\"auto\">\u2714<\/span><span data-contrast=\"auto\">\u00a0Beratung und Auswahl der passenden GYS-Systeme<\/span>\u00a0<br \/><span data-contrast=\"auto\">\u2714<\/span><span data-contrast=\"auto\">\u00a0Lieferung des kompletten Produktsortiments<\/span>\u00a0<br \/><span data-contrast=\"auto\">\u2714<\/span><span data-contrast=\"auto\">\u00a0Integration in bestehende Anlagen und Prozesse<\/span>\u00a0<br \/><span data-contrast=\"auto\">\u2714<\/span><span data-contrast=\"auto\">\u00a0Automatisierung und Steuerungstechnik (SPS \/ HMI)<\/span>\u00a0<br \/><span data-contrast=\"auto\">\u2714<\/span><span data-contrast=\"auto\">\u00a0Inbetriebnahme und Optimierung<\/span>\u00a0<br \/><span data-contrast=\"auto\">\u2714<\/span><span data-contrast=\"auto\">\u00a0Service, Wartung und technischer Support<\/span><span data-ccp-props=\"{}\">\u00a0<\/span><\/p><p><span data-ccp-props=\"{}\">\u00a0<\/span><\/p><p><b><span data-contrast=\"auto\">GYS Produktbereiche im \u00dcberblick<\/span><\/b><span data-ccp-props=\"{}\">\u00a0<\/span><\/p><p><span data-contrast=\"auto\">Wir bieten Ihnen Zugang zum gesamten\u00a0GYS Portfolio:<\/span><span data-ccp-props=\"{}\">\u00a0<\/span><\/p><p><span data-contrast=\"auto\">\u2714<\/span><span data-contrast=\"auto\">\u00a0Schwei\u00dftechnik (MIG\/MAG, TIG, MMA, PTA)<\/span>\u00a0<br \/><span data-contrast=\"auto\">\u2714<\/span><span data-contrast=\"auto\">\u00a0Plasma-Schneidanlagen<\/span>\u00a0<br \/><span data-contrast=\"auto\">\u2714<\/span><span data-contrast=\"auto\">\u00a0Induktionsger\u00e4te zur Erw\u00e4rmung und Prozessunterst\u00fctzung<\/span>\u00a0<br \/><span data-contrast=\"auto\">\u2714<\/span><span data-contrast=\"auto\">\u00a0Zubeh\u00f6r, Verbrauchsmaterialien und Peripherie<\/span>\u00a0<br \/><span data-contrast=\"auto\">\u2714<\/span><span data-contrast=\"auto\">\u00a0L\u00f6sungen f\u00fcr Industrie, Handwerk und Automotive<\/span><span data-ccp-props=\"{}\">\u00a0<\/span><\/p><p><span data-ccp-props=\"{}\">\u00a0<\/span><\/p><p><b><span data-contrast=\"auto\">Ihr Vorteil als Kunde<\/span><\/b><span data-ccp-props=\"{}\">\u00a0<\/span><\/p><p><span data-contrast=\"auto\">Ein Ansprechpartner f\u00fcr Technik + Integration<\/span>\u00a0<br \/><span data-contrast=\"auto\">Kombination aus Herstellertechnik und Automatisierung<\/span><br \/><span data-contrast=\"auto\">Individuelle L\u00f6sungen statt Standardverkauf<\/span>\u00a0<br \/><span data-contrast=\"auto\">Unterst\u00fctzung von der Auswahl bis zur fertigen Anlage<\/span><span data-ccp-props=\"{}\">\u00a0<\/span><\/p><p><span data-ccp-props=\"{}\">\u00a0<\/span><\/p><p><b><span data-contrast=\"auto\">Mehr als nur Vertrieb<\/span><\/b><span data-ccp-props=\"{}\">\u00a0<\/span><\/p><p><span data-contrast=\"auto\">Wir liefern nicht einfach Ger\u00e4te \u2013 wir sorgen daf\u00fcr, dass sie optimal in Ihrer Anwendung funktionieren.<\/span><span data-ccp-props=\"{}\">\u00a0<\/span><\/p><p><span data-contrast=\"auto\">Durch unsere Erfahrung im Sondermaschinenbau und der Automatisierung integrieren wir GYS-Systeme exakt in Ihre Prozesse und holen das Maximum aus Ihrer Anlage heraus.<\/span><span data-ccp-props=\"{}\">\u00a0<\/span><\/p>\t\t\t\t\t\t\t\t<\/div>\n\t\t\t\t<\/div>\n\t\t\t\t\t<\/div>\n\t\t\t\t<\/div>\n\t\t<div class=\"elementor-element elementor-element-540474d e-flex e-con-boxed e-con e-parent\" data-id=\"540474d\" data-element_type=\"container\" data-e-type=\"container\" data-settings=\"{&quot;background_background&quot;:&quot;classic&quot;}\">\n\t\t\t\t\t<div class=\"e-con-inner\">\n\t\t<div class=\"elementor-element elementor-element-d592ce3 e-con-full e-flex e-con e-child\" data-id=\"d592ce3\" data-element_type=\"container\" data-e-type=\"container\" data-settings=\"{&quot;background_background&quot;:&quot;classic&quot;}\">\n\t\t\t\t<div class=\"elementor-element elementor-element-5e7ea9b elementor-widget elementor-widget-heading\" data-id=\"5e7ea9b\" data-element_type=\"widget\" data-e-type=\"widget\" data-widget_type=\"heading.default\">\n\t\t\t\t\t<h2 class=\"elementor-heading-title elementor-size-default\">Interesse geweckt?<\/h2>\t\t\t\t<\/div>\n\t\t\t\t<div class=\"elementor-element elementor-element-6a2753c elementor-widget elementor-widget-text-editor\" data-id=\"6a2753c\" data-element_type=\"widget\" data-e-type=\"widget\" data-widget_type=\"text-editor.default\">\n\t\t\t\t\t\t\t\t\t<div class=\"flex flex-col text-sm pb-25\"><article class=\"text-token-text-primary w-full focus:outline-none [--shadow-height:45px] has-data-writing-block:pointer-events-none has-data-writing-block:-mt-(--shadow-height) has-data-writing-block:pt-(--shadow-height) [&amp;:has([data-writing-block])&gt;*]:pointer-events-auto scroll-mt-[calc(var(--header-height)+min(200px,max(70px,20svh)))]\" dir=\"auto\" tabindex=\"-1\" data-turn-id=\"request-WEB:0457d4b8-6f2e-448c-b2d2-cbf27df6cc67-20\" data-testid=\"conversation-turn-38\" data-scroll-anchor=\"true\" data-turn=\"assistant\"><div class=\"text-base my-auto mx-auto pb-10 [--thread-content-margin:--spacing(4)] @w-sm\/main:[--thread-content-margin:--spacing(6)] @w-lg\/main:[--thread-content-margin:--spacing(16)] px-(--thread-content-margin)\"><div class=\"[--thread-content-max-width:40rem] @w-lg\/main:[--thread-content-max-width:48rem] mx-auto max-w-(--thread-content-max-width) flex-1 group\/turn-messages focus-visible:outline-hidden relative flex w-full min-w-0 flex-col agent-turn\" tabindex=\"-1\"><div class=\"flex max-w-full flex-col grow\"><div class=\"min-h-8 text-message relative flex w-full flex-col items-end gap-2 text-start break-words whitespace-normal [.text-message+&amp;]:mt-1\" dir=\"auto\" data-message-author-role=\"assistant\" data-message-id=\"16d9d2d4-d49d-41e6-926a-75099a81790a\" data-message-model-slug=\"gpt-5-2\"><div class=\"flex w-full flex-col gap-1 empty:hidden first:pt-[1px]\"><div class=\"markdown prose dark:prose-invert w-full break-words dark markdown-new-styling\"><p data-start=\"75\" data-end=\"245\" data-is-last-node=\"\" data-is-only-node=\"\">Kontaktieren Sie uns f\u00fcr eine unverbindliche Beratung. Wir freuen uns von Ihnen zu h\u00f6ren.<\/p><\/div><\/div><\/div><\/div><\/div><\/div><\/article><\/div>\t\t\t\t\t\t\t\t<\/div>\n\t\t\t\t<div class=\"elementor-element elementor-element-6e7b3ab elementor-align-left elementor-widget elementor-widget-button\" data-id=\"6e7b3ab\" data-element_type=\"widget\" data-e-type=\"widget\" data-widget_type=\"button.default\">\n\t\t\t\t\t\t\t\t\t\t<a class=\"elementor-button elementor-button-link elementor-size-sm\" href=\"https:\/\/hightech-henkel.de\/kontakt\/\">\n\t\t\t\t\t\t<span class=\"elementor-button-content-wrapper\">\n\t\t\t\t\t\t\t\t\t<span class=\"elementor-button-text\">Kontakt<\/span>\n\t\t\t\t\t<\/span>\n\t\t\t\t\t<\/a>\n\t\t\t\t\t\t\t\t<\/div>\n\t\t\t\t<\/div>\n\t\t\t\t\t<\/div>\n\t\t\t\t<\/div>\n\t\t\t\t<\/div>\n\t\t","protected":false},"excerpt":{"rendered":"<p>GYS Schwei\u00dfsysteme GYS Schwei\u00dfsysteme \u2013 Technik f\u00fcr Industrie &amp; Handwerk Als Vertriebspartner von GYS bieten wir Ihnen das komplette Produktspektrum eines der f\u00fchrenden europ\u00e4ischen Hersteller f\u00fcr Schwei\u00df- und Energietechnik.\u00a0 GYS steht f\u00fcr innovative L\u00f6sungen in den Bereichen Schwei\u00dfen, Schneiden, Induktion und industrielle Anwendungen. Die Systeme werden in Frankreich entwickelt und gefertigt und \u00fcberzeugen durch Qualit\u00e4t, [&hellip;]<\/p>\n","protected":false},"author":1,"featured_media":0,"parent":0,"menu_order":0,"comment_status":"closed","ping_status":"closed","template":"elementor_header_footer","meta":{"footnotes":""},"class_list":["post-559","page","type-page","status-publish","hentry"],"_links":{"self":[{"href":"https:\/\/hightech-henkel.de\/en\/wp-json\/wp\/v2\/pages\/559","targetHints":{"allow":["GET"]}}],"collection":[{"href":"https:\/\/hightech-henkel.de\/en\/wp-json\/wp\/v2\/pages"}],"about":[{"href":"https:\/\/hightech-henkel.de\/en\/wp-json\/wp\/v2\/types\/page"}],"author":[{"embeddable":true,"href":"https:\/\/hightech-henkel.de\/en\/wp-json\/wp\/v2\/users\/1"}],"replies":[{"embeddable":true,"href":"https:\/\/hightech-henkel.de\/en\/wp-json\/wp\/v2\/comments?post=559"}],"version-history":[{"count":32,"href":"https:\/\/hightech-henkel.de\/en\/wp-json\/wp\/v2\/pages\/559\/revisions"}],"predecessor-version":[{"id":1044,"href":"https:\/\/hightech-henkel.de\/en\/wp-json\/wp\/v2\/pages\/559\/revisions\/1044"}],"wp:attachment":[{"href":"https:\/\/hightech-henkel.de\/en\/wp-json\/wp\/v2\/media?parent=559"}],"curies":[{"name":"wp","href":"https:\/\/api.w.org\/{rel}","templated":true}]}}